{"id":545,"date":"2021-01-20T22:40:40","date_gmt":"2021-01-20T22:40:40","guid":{"rendered":"https:\/\/www.alentejanospublicidade.pt\/loja\/?post_type=product&#038;p=545"},"modified":"2021-01-21T20:24:06","modified_gmt":"2021-01-21T20:24:06","slug":"porta-chaves-coracao-e-chave","status":"publish","type":"product","link":"https:\/\/www.alentejanospublicidade.pt\/loja\/produtos\/porta-chaves-coracao-e-chave\/","title":{"rendered":"Porta-chaves cora\u00e7\u00e3o e chave"},"content":{"rendered":"","protected":false},"excerpt":{"rendered":"<p>Porta chaves que se complementam um ao outro com grava\u00e7\u00e3o a laser, em MDF<\/p>\n<div class=\"short-description woocommerce-product-details__short-description\">\n<p><strong>Notas:<\/strong><br \/><strong>Utilize o campo observa\u00e7\u00f5es na pagina de pagamentos para escolher os nomes que pretende gravar.<\/strong><br \/><strong>Caso pretenda que o produto v\u00e1 com a foto j\u00e1 impressa, envie a fotografia por email para loja@alentejanospublicidade.pt, juntamente com o c\u00f3digo de encomenda.<\/strong><\/p>\n<\/div>\n<form class=\"cart \" enctype=\"multipart\/form-data\" method=\"post\">\n<div class=\"quantity\">\u00a0<\/div>\n<\/form>\n","protected":false},"featured_media":546,"template":"","meta":[],"class_list":["post-545","product","type-product","status-publish","has-post-thumbnail","hentry","product_cat-namorados"],"_links":{"self":[{"href":"https:\/\/www.alentejanospublicidade.pt\/loja\/wp-json\/wp\/v2\/product\/545","targetHints":{"allow":["GET"]}}],"collection":[{"href":"https:\/\/www.alentejanospublicidade.pt\/loja\/wp-json\/wp\/v2\/product"}],"about":[{"href":"https:\/\/www.alentejanospublicidade.pt\/loja\/wp-json\/wp\/v2\/types\/product"}],"wp:featuredmedia":[{"embeddable":true,"href":"https:\/\/www.alentejanospublicidade.pt\/loja\/wp-json\/wp\/v2\/media\/546"}],"wp:attachment":[{"href":"https:\/\/www.alentejanospublicidade.pt\/loja\/wp-json\/wp\/v2\/media?parent=545"}],"curies":[{"name":"wp","href":"https:\/\/api.w.org\/{rel}","templated":true}]}}